{"id":69,"date":"2024-10-22T13:30:24","date_gmt":"2024-10-22T13:30:24","guid":{"rendered":"https:\/\/intercathcon.pwr.edu.pl\/?page_id=69"},"modified":"2025-07-08T08:31:15","modified_gmt":"2025-07-08T08:31:15","slug":"publikacja","status":"publish","type":"page","link":"https:\/\/intercathcon.pwr.edu.pl\/?page_id=69","title":{"rendered":"Publikacja"},"content":{"rendered":"\n<p class=\"has-small-font-size\">Szanowni Pa\u0144stwo,<\/p>\n\n\n\n<p class=\"has-small-font-size\">otrzymali\u015bmy kilka maili dotycz\u0105cych formy wydania prac z konferencji IntrCathCon_2025. Informujemy, \u017ce prace mo\u017cemy opublikowa\u0107 w \u00a0dwojaki spos\u00f3b:<\/p>\n\n\n\n<p class=\"has-small-font-size\">1. &nbsp;w formie artyku\u0142\u00f3w ( b\u0119d\u0105 to prace w j. angielskim z ograniczon\u0105 liczb\u0105 tekstu i ilustracji)- w numerze pisma \u201eArchitectus\u201d 2,3\/2026 (70pkt). Prace do tego numeru nale\u017cy wys\u0142a\u0107 w formie elektronicznej do 30 listopada 2025 roku wchodz\u0105c na stron\u0119 internetow\u0105 pisma. Prace redakcyjne s\u0105 prowadzone za pomoc\u0105 systemu Bentus- &nbsp;https:\/\/architectus.pwr.edu.pl<\/p>\n\n\n\n<p class=\"has-small-font-size\">2. w formie rozdzia\u0142\u00f3w monografii z serii <em>Dziedzictwo Architektoniczne <\/em>(20 pkt) \u2013 b\u0119d\u0105 to prace w j. polskim z mo\u017cliwo\u015bci\u0105 zamieszczenia wi\u0119kszych tekst\u00f3w i wi\u0119kszej ilo\u015bci ilustracji. Deklaracj\u0119 opublikowania rozdzia\u0142u monografii prosimy wys\u0142a\u0107 w formie elektronicznej do 30 listopada 2025 roku (autor, tytu\u0142, abstrakt, orientacyjna obj\u0119to\u015b\u0107 tekstu i ilo\u015b\u0107 ilustracji) na adres eluzyniecka@gmail.com.<br><br><\/p>\n\n\n\n<h3 class=\"wp-block-heading\" style=\"font-size:clamp(0.875rem, 0.875rem + ((1vw - 0.2rem) * 0.542), 1.2rem);\"><a href=\"https:\/\/architectus.pwr.edu.pl\/\" target=\"_blank\" rel=\"noreferrer noopener\">Architectus &#8211; strona internetowa<\/a><\/h3>\n\n\n\n<h3 class=\"wp-block-heading\" style=\"font-size:clamp(0.875rem, 0.875rem + ((1vw - 0.2rem) * 0.542), 1.2rem);\"><a href=\"https:\/\/ojs.academicon.pl\/wpt\" target=\"_blank\" rel=\"noreferrer noopener\">Wroc\u0142awski Przegl\u0105d Teologiczny &#8211; strona internetowa<\/a><\/h3>\n\n\n\n<p><\/p>\n","protected":false},"excerpt":{"rendered":"<p>Szanowni Pa\u0144stwo, otrzymali\u015bmy kilka maili dotycz\u0105cych formy wydania prac z konferencji IntrCathCon_2025. Informujemy, \u017ce prace mo\u017cemy opublikowa\u0107 w \u00a0dwojaki spos\u00f3b: 1. &nbsp;w formie artyku\u0142\u00f3w ( b\u0119d\u0105 to prace w j. angielskim z ograniczon\u0105 liczb\u0105 tekstu i ilustracji)- w numerze pisma \u201eArchitectus\u201d 2,3\/2026 (70pkt). Prace do tego numeru nale\u017cy wys\u0142a\u0107 w formie elektronicznej do 30 listopada [&hellip;]<\/p>\n","protected":false},"author":1,"featured_media":0,"parent":0,"menu_order":0,"comment_status":"closed","ping_status":"closed","template":"","meta":{"footnotes":""},"class_list":["post-69","page","type-page","status-publish","hentry"],"_links":{"self":[{"href":"https:\/\/intercathcon.pwr.edu.pl\/index.php?rest_route=\/wp\/v2\/pages\/69","targetHints":{"allow":["GET"]}}],"collection":[{"href":"https:\/\/intercathcon.pwr.edu.pl\/index.php?rest_route=\/wp\/v2\/pages"}],"about":[{"href":"https:\/\/intercathcon.pwr.edu.pl\/index.php?rest_route=\/wp\/v2\/types\/page"}],"author":[{"embeddable":true,"href":"https:\/\/intercathcon.pwr.edu.pl\/index.php?rest_route=\/wp\/v2\/users\/1"}],"replies":[{"embeddable":true,"href":"https:\/\/intercathcon.pwr.edu.pl\/index.php?rest_route=%2Fwp%2Fv2%2Fcomments&post=69"}],"version-history":[{"count":3,"href":"https:\/\/intercathcon.pwr.edu.pl\/index.php?rest_route=\/wp\/v2\/pages\/69\/revisions"}],"predecessor-version":[{"id":413,"href":"https:\/\/intercathcon.pwr.edu.pl\/index.php?rest_route=\/wp\/v2\/pages\/69\/revisions\/413"}],"wp:attachment":[{"href":"https:\/\/intercathcon.pwr.edu.pl\/index.php?rest_route=%2Fwp%2Fv2%2Fmedia&parent=69"}],"curies":[{"name":"wp","href":"https:\/\/api.w.org\/{rel}","templated":true}]}}