{"id":62,"date":"2024-10-22T13:26:53","date_gmt":"2024-10-22T13:26:53","guid":{"rendered":"https:\/\/intercathcon.pwr.edu.pl\/?page_id=62"},"modified":"2025-06-17T17:28:26","modified_gmt":"2025-06-17T17:28:26","slug":"intercathcon-2025","status":"publish","type":"page","link":"https:\/\/intercathcon.pwr.edu.pl\/?page_id=62","title":{"rendered":"InterCathCon 2025"},"content":{"rendered":"\n<h4 class=\"wp-block-heading has-text-align-center is-style-default has-base-background-color has-background has-medium-font-size\" style=\"font-style:normal;font-weight:600;line-height:1.6\">Pierwsza mi\u0119dzynarodowa konferencja z cyklu InterCathCon_2025 zosta\u0142a zorganizowana we Wroc\u0142awiu.<\/h4>\n\n\n\n<p><\/p>\n\n\n\n<p class=\"has-text-align-center\">W konferencji&nbsp; wzi\u0119\u0142o udzia\u0142 55 referent\u00f3w polskich i zagranicznych,  liczba uczestnik\u00f3w stacjonarnych i online to oko\u0142o 150 os\u00f3b.<\/p>\n\n\n\n<p class=\"has-text-align-center has-accent-3-color has-accent-background-color has-text-color has-background has-link-color has-medium-font-size wp-elements-6ca86b0c45497f1a7a0c194ca849f14e\" style=\"border-radius:38px\"><strong>Program konferencji, list\u0119 referent\u00f3w oraz abstrakty wyst\u0105pie\u0144 znajd\u0105 Pa\u0144stwo poni\u017cej:<\/strong><\/p>\n\n\n\n<div class=\"wp-block-columns is-layout-flex wp-container-core-columns-is-layout-28f84493 wp-block-columns-is-layout-flex\">\n<div class=\"wp-block-column is-layout-flow wp-block-column-is-layout-flow\" style=\"flex-basis:100%\">\n<details class=\"wp-block-details is-style-arrow-icon-details has-accent-3-color has-accent-background-color has-text-color has-background has-link-color has-medium-font-size wp-elements-e855a286714d5a5b8a29f8103a2f734e is-layout-flow wp-container-core-details-is-layout-e3d1c41b wp-block-details-is-layout-flow\" style=\"border-style:none;border-width:0px;font-style:normal;font-weight:800\"><summary>Program konferencji &#8211; PL<\/summary>\n<div data-wp-interactive=\"core\/file\" class=\"wp-block-file\"><object data-wp-bind--hidden=\"!state.hasPdfPreview\" hidden class=\"wp-block-file__embed\" data=\"https:\/\/intercathcon.pwr.edu.pl\/wp-content\/uploads\/2025\/06\/InterCathCon_2025_programPL_v7.pdf\" type=\"application\/pdf\" style=\"width:100%;height:600px\" aria-label=\"Osadzone z InterCathCon_2025_programPL_v7.\"><\/object><a id=\"wp-block-file--media-4cc39a27-1207-4699-a1a7-dff3f4d77495\" href=\"https:\/\/intercathcon.pwr.edu.pl\/wp-content\/uploads\/2025\/06\/InterCathCon_2025_programPL_v7.pdf\">InterCathCon_2025_programPL_v7<\/a><a href=\"https:\/\/intercathcon.pwr.edu.pl\/wp-content\/uploads\/2025\/06\/InterCathCon_2025_programPL_v7.pdf\" class=\"wp-block-file__button wp-element-button\" download aria-describedby=\"wp-block-file--media-4cc39a27-1207-4699-a1a7-dff3f4d77495\">Pobierz<\/a><\/div>\n<\/details>\n<\/div>\n<\/div>\n\n\n\n<details class=\"wp-block-details is-style-arrow-icon-details has-accent-3-color has-accent-background-color has-text-color has-background has-link-color has-medium-font-size wp-elements-9e79a1aea65a0e30c1c0d448afb182b8 is-layout-flow wp-container-core-details-is-layout-e3d1c41b wp-block-details-is-layout-flow\" style=\"font-style:normal;font-weight:800\"><summary>Abstrakty &#8211; PL<\/summary>\n<div data-wp-interactive=\"core\/file\" class=\"wp-block-file\"><object data-wp-bind--hidden=\"!state.hasPdfPreview\" hidden class=\"wp-block-file__embed\" data=\"https:\/\/intercathcon.pwr.edu.pl\/wp-content\/uploads\/2025\/06\/InterCathCon_2025_Abstrakty_PL_v4.pdf\" type=\"application\/pdf\" style=\"width:100%;height:600px\" aria-label=\"Osadzone z InterCathCon_2025_Abstrakty_PL_v4.\"><\/object><a id=\"wp-block-file--media-f35e556d-38f1-4651-960d-6afa7ef4213a\" href=\"https:\/\/intercathcon.pwr.edu.pl\/wp-content\/uploads\/2025\/06\/InterCathCon_2025_Abstrakty_PL_v4.pdf\">InterCathCon_2025_Abstrakty_PL_v4<\/a><a href=\"https:\/\/intercathcon.pwr.edu.pl\/wp-content\/uploads\/2025\/06\/InterCathCon_2025_Abstrakty_PL_v4.pdf\" class=\"wp-block-file__button wp-element-button\" download aria-describedby=\"wp-block-file--media-f35e556d-38f1-4651-960d-6afa7ef4213a\">Pobierz<\/a><\/div>\n\n\n\n<p><\/p>\n<\/details>\n\n\n\n<details class=\"wp-block-details is-style-arrow-icon-details has-accent-3-color has-accent-background-color has-text-color has-background has-link-color has-medium-font-size wp-elements-fbbad9f09e988b03356b8ef5ed942ffb is-layout-flow wp-container-core-details-is-layout-e3d1c41b wp-block-details-is-layout-flow\" style=\"font-style:normal;font-weight:800\"><summary>Lista referent\u00f3w &#8211; List of speakers (PL\/ENG)<\/summary>\n<div class=\"wp-block-columns is-layout-flex wp-container-core-columns-is-layout-28f84493 wp-block-columns-is-layout-flex\">\n<div class=\"wp-block-column is-layout-flow wp-block-column-is-layout-flow\" style=\"flex-basis:100%\">\n<div data-wp-interactive=\"core\/file\" class=\"wp-block-file\"><object data-wp-bind--hidden=\"!state.hasPdfPreview\" hidden class=\"wp-block-file__embed\" data=\"https:\/\/intercathcon.pwr.edu.pl\/wp-content\/uploads\/2025\/06\/InterCathCon_2025_lista_refv3.pdf\" type=\"application\/pdf\" style=\"width:100%;height:600px\" aria-label=\"Osadzone z InterCathCon_2025_lista_refv3.\"><\/object><a id=\"wp-block-file--media-fb610fe8-0252-4a0d-abb3-d46c95aee4d2\" href=\"https:\/\/intercathcon.pwr.edu.pl\/wp-content\/uploads\/2025\/06\/InterCathCon_2025_lista_refv3.pdf\">InterCathCon_2025_lista_refv3<\/a><a href=\"https:\/\/intercathcon.pwr.edu.pl\/wp-content\/uploads\/2025\/06\/InterCathCon_2025_lista_refv3.pdf\" class=\"wp-block-file__button wp-element-button\" download aria-describedby=\"wp-block-file--media-fb610fe8-0252-4a0d-abb3-d46c95aee4d2\">Pobierz<\/a><\/div>\n<\/div>\n<\/div>\n<\/details>\n\n\n\n<details class=\"wp-block-details is-style-arrow-icon-details has-accent-3-color has-accent-background-color has-text-color has-background has-link-color has-medium-font-size wp-elements-1b8446f1d51c1d870130dc3da3c72b14 is-layout-flow wp-container-core-details-is-layout-e3d1c41b wp-block-details-is-layout-flow\" style=\"font-style:normal;font-weight:800\"><summary>Conference agenda &#8211; ENG<br><\/summary>\n<div data-wp-interactive=\"core\/file\" class=\"wp-block-file\"><object data-wp-bind--hidden=\"!state.hasPdfPreview\" hidden class=\"wp-block-file__embed\" data=\"https:\/\/intercathcon.pwr.edu.pl\/wp-content\/uploads\/2025\/06\/InterCathCon_2025_Abstracts_ENGv7.pdf\" type=\"application\/pdf\" style=\"width:100%;height:600px\" aria-label=\"Osadzone z InterCathCon_2025_Abstracts_ENGv7.\"><\/object><a id=\"wp-block-file--media-f762492b-79f1-4e4a-ad6a-2f7e494f0f25\" href=\"https:\/\/intercathcon.pwr.edu.pl\/wp-content\/uploads\/2025\/06\/InterCathCon_2025_Abstracts_ENGv7.pdf\">InterCathCon_2025_Abstracts_ENGv7<\/a><a href=\"https:\/\/intercathcon.pwr.edu.pl\/wp-content\/uploads\/2025\/06\/InterCathCon_2025_Abstracts_ENGv7.pdf\" class=\"wp-block-file__button wp-element-button\" download aria-describedby=\"wp-block-file--media-f762492b-79f1-4e4a-ad6a-2f7e494f0f25\">Pobierz<\/a><\/div>\n<\/details>\n\n\n\n<blockquote class=\"wp-block-quote has-background is-layout-flow wp-block-quote-is-layout-flow\" style=\"background-color:#ece8e1\">\n<p class=\"has-text-color has-link-color wp-elements-c261a0b30f0c253cfba50a3886af4325\" style=\"color:#872e0c\"><em>Obrady stacjonarne InterCathCon 2025 :<\/em><\/p>\n\n\n\n<p class=\"has-medium-font-size\">Wydzia\u0142 Architektury Politechniki Wroc\u0142awskiej, ul. Boles\u0142awa Prusa 53\/55,<\/p>\n\n\n\n<p class=\"has-medium-font-size\">Papieski Wydzia\u0142 Teologiczny we Wroc\u0142awiu, ul. Katedralna 9.<\/p>\n<\/blockquote>\n\n\n\n<blockquote class=\"wp-block-quote has-background is-layout-flow wp-block-quote-is-layout-flow\" style=\"background-color:#ece8e1\">\n<p class=\"has-text-color has-link-color wp-elements-ae0fcfbf48bea23ac693e5cbf5141c03\" style=\"color:#872e0c\">Formu\u0142a konferencji:<\/p>\n\n\n\n<p class=\"has-medium-font-size\">hybrydowa, obrady stacjonarne i online (MS Teams).<\/p>\n<\/blockquote>\n\n\n\n<blockquote class=\"wp-block-quote has-background is-layout-flow wp-block-quote-is-layout-flow\" style=\"background-color:#ece8e1\">\n<p class=\"has-text-color has-link-color wp-elements-debc1b0ae9e6f07842505c07ec5bbb55\" style=\"color:#872e0c\">J\u0119zyk:<\/p>\n\n\n\n<p class=\"has-medium-font-size\">polski, angielski, niemiecki.<\/p>\n<\/blockquote>\n\n\n\n<blockquote class=\"wp-block-quote has-background is-layout-flow wp-block-quote-is-layout-flow\" style=\"background-color:#ece8e1\">\n<p class=\"has-text-color has-link-color wp-elements-587a2f4552ad0c5aaf912b0c65fb08a3\" style=\"color:#872e0c\">Harmonogram:<\/p>\n\n\n\n<p class=\"has-medium-font-size\">10-12. 06. 2025 &#8211; InterCathCon 2025<\/p>\n\n\n\n<p class=\"has-medium-font-size\">12. 06. 2025 &#8211; wystawa pt.:&nbsp;<em>Sacrum -profanum- sacrum<\/em><\/p>\n<\/blockquote>\n\n\n\n<p><\/p>\n","protected":false},"excerpt":{"rendered":"<p>Pierwsza mi\u0119dzynarodowa konferencja z cyklu InterCathCon_2025 zosta\u0142a zorganizowana we Wroc\u0142awiu. W konferencji&nbsp; wzi\u0119\u0142o udzia\u0142 55 referent\u00f3w polskich i zagranicznych, liczba uczestnik\u00f3w stacjonarnych i online to oko\u0142o 150 os\u00f3b. Program konferencji, list\u0119 referent\u00f3w oraz abstrakty wyst\u0105pie\u0144 znajd\u0105 Pa\u0144stwo poni\u017cej: Obrady stacjonarne InterCathCon 2025 : Wydzia\u0142 Architektury Politechniki Wroc\u0142awskiej, ul. Boles\u0142awa Prusa 53\/55, Papieski Wydzia\u0142 Teologiczny we [&hellip;]<\/p>\n","protected":false},"author":1,"featured_media":0,"parent":0,"menu_order":0,"comment_status":"closed","ping_status":"closed","template":"","meta":{"footnotes":""},"class_list":["post-62","page","type-page","status-publish","hentry"],"_links":{"self":[{"href":"https:\/\/intercathcon.pwr.edu.pl\/index.php?rest_route=\/wp\/v2\/pages\/62","targetHints":{"allow":["GET"]}}],"collection":[{"href":"https:\/\/intercathcon.pwr.edu.pl\/index.php?rest_route=\/wp\/v2\/pages"}],"about":[{"href":"https:\/\/intercathcon.pwr.edu.pl\/index.php?rest_route=\/wp\/v2\/types\/page"}],"author":[{"embeddable":true,"href":"https:\/\/intercathcon.pwr.edu.pl\/index.php?rest_route=\/wp\/v2\/users\/1"}],"replies":[{"embeddable":true,"href":"https:\/\/intercathcon.pwr.edu.pl\/index.php?rest_route=%2Fwp%2Fv2%2Fcomments&post=62"}],"version-history":[{"count":40,"href":"https:\/\/intercathcon.pwr.edu.pl\/index.php?rest_route=\/wp\/v2\/pages\/62\/revisions"}],"predecessor-version":[{"id":385,"href":"https:\/\/intercathcon.pwr.edu.pl\/index.php?rest_route=\/wp\/v2\/pages\/62\/revisions\/385"}],"wp:attachment":[{"href":"https:\/\/intercathcon.pwr.edu.pl\/index.php?rest_route=%2Fwp%2Fv2%2Fmedia&parent=62"}],"curies":[{"name":"wp","href":"https:\/\/api.w.org\/{rel}","templated":true}]}}