{"id":2,"date":"2024-10-22T11:49:37","date_gmt":"2024-10-22T11:49:37","guid":{"rendered":"https:\/\/intercathcon.pwr.edu.pl\/home\/intercath.pwr\/public_html\/?page_id=2"},"modified":"2025-06-03T09:38:33","modified_gmt":"2025-06-03T09:38:33","slug":"sample-page","status":"publish","type":"page","link":"https:\/\/intercathcon.pwr.edu.pl\/?page_id=2","title":{"rendered":"O nas"},"content":{"rendered":"\n<p><\/p>\n\n\n\n<p><\/p>\n\n\n\n<blockquote class=\"wp-block-quote has-accent-background-color has-background is-layout-flow wp-block-quote-is-layout-flow\">\n<p><strong>Rada naukowa:<\/strong><\/p>\n\n\n\n<ul class=\"wp-block-list has-medium-font-size\">\n<li>prof. dr hab. Ewa \u0141u\u017cyniecka &#8211; przewodnicz\u0105ca (Wydzia\u0142 Architektury Politechniki Wroc\u0142awskiej),<\/li>\n\n\n\n<li>ks. dr hab. Rafa\u0142 Kowalski &#8211; przewodnicz\u0105cy (Papieski Wydzia\u0142 Teologiczny we Wroc\u0142awiu),<\/li>\n<\/ul>\n\n\n\n<ul class=\"wp-block-list\">\n<li class=\"has-medium-font-size\">ks. kanonik mgr lic. Pawe\u0142 Cembrowicz (Wroc\u0142aw),<\/li>\n\n\n\n<li class=\"has-medium-font-size\">dr hab. Ma\u0142gorzata Doroz-Turek (Kielce), <\/li>\n\n\n\n<li class=\"has-medium-font-size\">prof. dr hab. Romuald Kaczmarek (Wroc\u0142aw),<\/li>\n\n\n\n<li class=\"has-medium-font-size\">prof. dr hab. Andrzej Kad\u0142uczka (Krak\u00f3w),<\/li>\n\n\n\n<li class=\"has-medium-font-size\">dr Klara Kantorowicz (Warszawa),<\/li>\n\n\n\n<li class=\"has-medium-font-size\">ks. prof. Janusz Nowi\u0144ski (Warszawa),<\/li>\n\n\n\n<li class=\"has-medium-font-size\">prof. dr hab. Aleksander Piwek (Gda\u0144sk),<\/li>\n\n\n\n<li class=\"has-medium-font-size\">prof. dr hab. Jadwiga \u0141ukaszewicz (Toru\u0144) ,<\/li>\n\n\n\n<li class=\"has-medium-font-size\">dr&nbsp; Maciej Ma\u0142achowicz (Wroc\u0142aw), <\/li>\n\n\n\n<li class=\"has-medium-font-size\">prof. Ma\u0142gorzata Milecka (Lublin)<\/li>\n\n\n\n<li class=\"has-medium-font-size\">dr in\u017c. Zbigniew Muszy\u0144ski (Wroc\u0142aw),<\/li>\n\n\n\n<li class=\"has-medium-font-size\">prof. dr hab. Piotr Oszczanowski&nbsp; (Wroc\u0142aw),<\/li>\n\n\n\n<li class=\"has-medium-font-size\">prof. dr hab. Jerzy Piekalski (Wroc\u0142aw),<\/li>\n\n\n\n<li class=\"has-medium-font-size\">dr Barbara Pier\u015bcionek (Opole),   <\/li>\n\n\n\n<li class=\"has-medium-font-size\">prof. dr hab. Janusz R\u0119bielak (Wroc\u0142aw),<\/li>\n\n\n\n<li class=\"has-medium-font-size\">prof. PK Klaudia Stala (Krak\u00f3w),<\/li>\n\n\n\n<li class=\"has-medium-font-size\">ks. prof. dr hab. S\u0142awomir Stasiak (Wroc\u0142aw),<\/li>\n\n\n\n<li class=\"has-medium-font-size\">prof. dr hab. Jerzy U\u015bcinowicz (Bia\u0142ystok),<\/li>\n\n\n\n<li class=\"has-medium-font-size\">ks. Pra\u0142at kan. dr Jacek Wojtkowski (Frombork).<\/li>\n<\/ul>\n<\/blockquote>\n\n\n\n<p><\/p>\n\n\n\n<blockquote class=\"wp-block-quote has-accent-background-color has-background has-medium-font-size is-layout-flow wp-block-quote-is-layout-flow\">\n<p class=\"has-text-color has-link-color has-large-font-size wp-elements-24a2215447f347e60e793ac786a486b2\" style=\"color:#872e0c\">Wsp\u00f3\u0142praca:<\/p>\n\n\n\n<p class=\"has-medium-font-size\">prof. Fabio Fabbrizzi, Composizione architettonica e urbana, Dipartimento di Architettura (DiDA) Universita Degli Studi Firenze,<\/p>\n\n\n\n<p class=\"has-medium-font-size\">arch. PhD Cecilia Maria Roberta Luschi, Docente di Disegno Scuola di Scienze della Architettura presso DIDA Dipartimento di Architettura Universit\u00e0 degli Studi di Firenze,<\/p>\n\n\n\n<p class=\"has-medium-font-size\">ks. dr Arkadiusz Noco\u0144, Dicastery for Divine Worship and the Discipline of the Sacraments<\/p>\n\n\n\n<p class=\"has-medium-font-size\">prof. dr. Matthias Untermann, Institut f\u00fcr Europ\u00e4ische Kunstgeschichte Universit\u00e4t Heidelberg,<\/p>\n\n\n\n<p>prof. Christiane Weber, Institut f\u00fcr Architekturgeschichte Universit\u00e4t Stuttgart.<\/p>\n<\/blockquote>\n\n\n\n<p><\/p>\n\n\n\n<blockquote class=\"wp-block-quote has-accent-background-color has-background has-medium-font-size is-layout-flow wp-block-quote-is-layout-flow\">\n<p class=\"has-text-color has-link-color has-large-font-size wp-elements-f222ec7ea50028cbdcbef782e7da3592\" style=\"color:#872e0c\"><\/p>\n\n\n\n<p><strong>Patronat honorowy :<\/strong><\/p>\n\n\n\n<p>JE Ks. Arcybiskup dr J\u00f3zef Kupny, Metropolita Wroc\u0142awski                         <\/p>\n\n\n\n<p>JE Ks. Biskup prof. Micha\u0142 Janocha, Przewodnicz\u0105cy Rady ds. Kultury i Ochrony Dziedzictwa Kulturowego Konferencji Episkopatu Polski<\/p>\n\n\n\n<p>Sekretarz Stanu w Ministerstwie Kultury i Dziedzictwa Narodowego, Generalny Konserwator Zabytk\u00f3w Bo\u017cena Jadwiga \u017belazowska<br><\/p>\n\n\n\n<p>JM Rektor ks. prof. S\u0142awomir Stasiak, Papieski Wydzia\u0142 Teologiczny we Wroc\u0142awiu<br><\/p>\n\n\n\n<p>JM Rektor Politechniki Wroc\u0142awskiej, prof. dr hab. Arkadiusz W\u00f3js<br><\/p>\n\n\n\n<p>Ks. Proboszcz Archikaterdy Wroc\u0142awskiej, ks. kanonik mgr lic. Pawe\u0142 Cembrowicz<\/p>\n<\/blockquote>\n\n\n\n<p><\/p>\n\n\n\n<blockquote class=\"wp-block-quote has-accent-background-color has-background has-medium-font-size is-layout-flow wp-block-quote-is-layout-flow\">\n<p class=\"has-text-color has-link-color has-large-font-size wp-elements-7c2759fc816508638ead2ca5189755a5\" style=\"color:#872e0c\">Komitet organizacyjny:<\/p>\n\n\n\n<p class=\"has-small-font-size\"> <strong>Wydzia\u0142 Architektury Politechniki Wroc\u0142awskiej :<\/strong><\/p>\n\n\n\n<p class=\"has-small-font-size\"> prof. Ewa \u0141u\u017cyniecka,<\/p>\n\n\n\n<p class=\"has-small-font-size\">mgr Franciszek Hackemer\u2013 sekretarz,<\/p>\n\n\n\n<p class=\"has-small-font-size\">dr Alicja Hoyenski\u00a0,<\/p>\n\n\n\n<p class=\"has-small-font-size\">dr Rafa\u0142 Karnicki<\/p>\n\n\n\n<p class=\"has-small-font-size\">dr Agnieszka Adamska-Idzikowska<\/p>\n\n\n\n<p class=\"has-small-font-size\">mgr Gabriela Wojciechowska,<\/p>\n\n\n\n<p class=\"has-small-font-size\"><strong>Papieski Wydzia\u0142 Teologiczny we Wroc\u0142awiu<\/strong>:<\/p>\n\n\n\n<p class=\"has-small-font-size\">ks. dr hab. Rafa\u0142 Kowalski,<\/p>\n\n\n\n<p class=\"has-small-font-size\">ks. dr Micha\u0142 Mraczek- sekretarz.<\/p>\n<\/blockquote>\n\n\n\n<p><\/p>\n","protected":false},"excerpt":{"rendered":"<p>Wsp\u00f3\u0142praca: prof. Fabio Fabbrizzi, Composizione architettonica e urbana, Dipartimento di Architettura (DiDA) Universita Degli Studi Firenze, arch. PhD Cecilia Maria Roberta Luschi, Docente di Disegno Scuola di Scienze della Architettura presso DIDA Dipartimento di Architettura Universit\u00e0 degli Studi di Firenze, ks. dr Arkadiusz Noco\u0144, Dicastery for Divine Worship and the Discipline of the Sacraments prof. [&hellip;]<\/p>\n","protected":false},"author":1,"featured_media":0,"parent":0,"menu_order":0,"comment_status":"closed","ping_status":"open","template":"","meta":{"footnotes":""},"class_list":["post-2","page","type-page","status-publish","hentry"],"_links":{"self":[{"href":"https:\/\/intercathcon.pwr.edu.pl\/index.php?rest_route=\/wp\/v2\/pages\/2","targetHints":{"allow":["GET"]}}],"collection":[{"href":"https:\/\/intercathcon.pwr.edu.pl\/index.php?rest_route=\/wp\/v2\/pages"}],"about":[{"href":"https:\/\/intercathcon.pwr.edu.pl\/index.php?rest_route=\/wp\/v2\/types\/page"}],"author":[{"embeddable":true,"href":"https:\/\/intercathcon.pwr.edu.pl\/index.php?rest_route=\/wp\/v2\/users\/1"}],"replies":[{"embeddable":true,"href":"https:\/\/intercathcon.pwr.edu.pl\/index.php?rest_route=%2Fwp%2Fv2%2Fcomments&post=2"}],"version-history":[{"count":25,"href":"https:\/\/intercathcon.pwr.edu.pl\/index.php?rest_route=\/wp\/v2\/pages\/2\/revisions"}],"predecessor-version":[{"id":317,"href":"https:\/\/intercathcon.pwr.edu.pl\/index.php?rest_route=\/wp\/v2\/pages\/2\/revisions\/317"}],"wp:attachment":[{"href":"https:\/\/intercathcon.pwr.edu.pl\/index.php?rest_route=%2Fwp%2Fv2%2Fmedia&parent=2"}],"curies":[{"name":"wp","href":"https:\/\/api.w.org\/{rel}","templated":true}]}}